{"id":237,"date":"2019-04-08T14:17:51","date_gmt":"2019-04-08T14:17:51","guid":{"rendered":"https:\/\/giracing.it\/?page_id=237"},"modified":"2024-11-08T09:54:03","modified_gmt":"2024-11-08T09:54:03","slug":"condizioni-di-vendita","status":"publish","type":"page","link":"https:\/\/www.giracing.it\/en\/condizioni-di-vendita\/","title":{"rendered":"Condizioni di vendita"},"content":{"rendered":"<p>[et_pb_section fb_built=&#8221;1&#8243; _builder_version=&#8221;4.16&#8243; global_colors_info=&#8221;{}&#8221;][et_pb_row _builder_version=&#8221;4.16&#8243; background_size=&#8221;initial&#8221; background_position=&#8221;top_left&#8221; background_repeat=&#8221;repeat&#8221; global_colors_info=&#8221;{}&#8221;][et_pb_column type=&#8221;4_4&#8243; _builder_version=&#8221;4.16&#8243; custom_padding=&#8221;|||&#8221; global_colors_info=&#8221;{}&#8221; custom_padding__hover=&#8221;|||&#8221;][et_pb_text _builder_version=&#8221;4.16&#8243; z_index_tablet=&#8221;500&#8243; global_colors_info=&#8221;{}&#8221;]<\/p>\n<div class=\"page-title\">\n<h1>CONDIZIONI DI VENDITA<\/h1>\n<\/div>\n<div class=\"std\">\n<p>&nbsp;<\/p>\n<p style=\"text-align: justify\">Le presenti Condizioni Generali hanno per oggetto l&#8217;acquisto di prodotti e di servizi, effettuato a distanza tramite rete internet sul sito\u00a0<a href=\"http:\/\/www.tiniracing.it\/\">www.giracing.it<\/a> , appartenenti ad Aggiustaggio Verolese SRL di Pizzamiglio Anna Maria, Via Circonvallazione 37\/F, 25028, Verolanuova (Brescia), Italy.<\/p>\n<p style=\"text-align: justify\">Tel.\/Fax. +39-030-931480\u00a0<\/p>\n<p style=\"text-align: justify\">P.iva 01512430982<\/p>\n<p>&nbsp;<\/p>\n<p><span style=\"font-size: 14px\">1)\u00a0<strong>Accettazione delle condizioni generali di vendita<\/strong>.<\/span><\/p>\n<p style=\"text-align: justify\">1.1) Il contratto stipulato tra Giracing e il Cliente deve intendersi concluso con l&#8217;accettazione, anche solo parziale, dell&#8217;ordine da parte di Giracing secondo le modalit\u00e0 descritte ai punti 2.2 , 3.1 , 3.2. . Effettuando un ordine nelle varie modalit\u00e0 previste, il Cliente dichiara di aver preso visione di tutte le indicazioni a lui fornite durante la procedura d&#8217;acquisto, e di accettare integralmente le condizioni generali e di pagamento di seguito trascritte.<\/p>\n<p style=\"text-align: justify\">1.2) Se il Cliente \u00e8 un consumatore (ossia una persona fisica che acquista la merce per scopi non riferibili alla propria attivit\u00e0 professionale), una volta conclusa la procedura d&#8217;acquisto online, provveder\u00e0 a stampare o salvare copia elettronica e comunque conservare le presenti condizioni generali di vendita, nel rispetto di quanto previsto dagli art. 3 e 4 del Dlgs 185\/1999 sulle vendite a distanza.<\/p>\n<p style=\"text-align: justify\">1.3) Viene escluso ogni diritto del Cliente a un risarcimento danni o indennizzo, nonch\u00e9 qualsiasi responsabilit\u00e0 contrattuale o extracontrattuale per danni diretti o indiretti a persone e\/o cose, provocati dalla mancata accettazione o evasione, anche parziale, di un ordine.<\/p>\n<p>&nbsp;<\/p>\n<p>2) <strong>Modalit\u00e0 di acquisto<\/strong>.<\/p>\n<p style=\"text-align: justify\">2.1) Il Cliente pu\u00f2 ordinare solo i prodotti presenti nel catalogo elettronico di Giracing.it al momento dell&#8217;inoltro dell&#8217;ordine e visionabili online all&#8217;indirizzo (URL) <a href=\"http:\/\/www.tiniracing.it\/\">https:\/\/giracing.it<\/a>, cos\u00ec come descritti nelle relative schede informative. Giracing fa il possibile affinch\u00e9 i<span>l colore, lo stile e il design dei prodotti raffigurati sul Sito siano rappresentativi al meglio dei prodotti originali. Nonostante ci\u00f2, r<\/span>esta inteso che l&#8217;immagine a corredo della scheda descrittiva di un prodotto pu\u00f2 non essere perfettamente rappresentativa delle sue caratteristiche ma potrebbe differire per colore &#8211; e poich\u00e9 taluni prodotti sono sottoposti al trattamento di anodizzazione e\/o a causa delle condizioni luminose -, dimensioni, prodotti accessori presenti in figura. <span>Giracing, nei limiti di quanto consentito dalla legge, non sar\u00e0 pertanto responsabile per eventuali errori o inesattezze nelle fotografie o nelle rappresentazioni grafiche dei prodotti visualizzati sul Sito, salvo quanto previsto dalle presenti Condizioni generali.<\/span><\/p>\n<p style=\"text-align: justify\"><span style=\"font-size: 14px\">2.2) La corretta ricezione dell&#8217;ordine \u00e8 confermata da Giracing mediante una risposta via e-mail, inviata all&#8217;indirizzo di posta elettronica comunicato dal Cliente. La risposta \u00e8 generata in modo automatico dal sistema e non pu\u00f2 essere considerata di per s\u00e9 accettazione dell\u2019ordine, ma solo conferma di ricezione dello stesso.<\/span><\/p>\n<p style=\"text-align: justify\">2.3) Tale messaggio di conferma riporter\u00e0 Data e Ora di esecuzione dell&#8217;ordine e un &#8216;Numero Ordine Cliente&#8217;, da utilizzarsi in ogni ulteriore comunicazione con\u00a0 Giracing.it . Il messaggio contiene tutti i dati inseriti dal Cliente, il quale si impegna a verificarne la correttezza e a comunicare tempestivamente eventuali correzioni, secondo le modalit\u00e0 descritte in questo documento.<br \/>La conferma d&#8217;ordine \u00e8 inviata contestualmente alla spedizione per i clienti non registrati.<br \/>La conferma ordine \u00e8 la sezione &#8220;ordine caricato in sede&#8221; delle pagine &#8220;i miei ordini&#8221; di MyGiracing per i clienti registrati.<\/p>\n<p>&nbsp;<\/p>\n<p>3) <strong>Stato dell&#8217;ordine<\/strong>.<\/p>\n<p style=\"text-align: justify\">3.1) Lo stato dell&#8217;ordine \u00e8 visualizzabile unicamente dai clienti registrati nella sezione &#8220;I miei ordini&#8221; di MyGiracing.<br \/>Gli stati visualizzabili sono Tre, ed identificano i Tre stati possibili dell&#8217;ordine:<br \/>&#8216;ORDINE COMPILATO ON-LINE&#8217;: \u00e8 la pagina generata automaticamente in base ai dati anagrafici ed ai prodotti selezionati dal Cliente.<br \/>&#8216;ORDINE CONTROLLATO IN SEDE&#8217;: \u00e8 la pagina generata presso i nostri uffici dopo che un operatore ha controllato l&#8217;ordine, la presenza di questa pagina attesta la ricezione effettiva dell&#8217;ordine, mentre la descrizione dei prodotti e le loro quantit\u00e0 attestano l&#8217;accettazione dell&#8217;ordine dei singoli prodotti. Questa pagina viene aggiornata una sola volta ogni giorno, alle ore 24 circa, mentre gli operatori garantiscono il caricamento degli ordini trasmessi ogni giorno entro le ore 12. Per cui se un ordine \u00e8 inoltrato ad esempio alle ore 11, potr\u00e0 essere caricato e spedito il giorno stesso, ed apparire sulla pagina dopo 13 ore; gli ordini inoltrati il venerd\u00ec dopo le 12 saranno visibili il marted\u00ec dopo le 00.<br \/>&#8216;ORDINE SPEDITO&#8217;: \u00e8 la pagina generata presso i nostri uffici che attesta l&#8217;avvenuta spedizione dell&#8217;ordine.<\/p>\n<p style=\"text-align: justify\">3.2) La totale o parziale mancata accettazione dell&#8217;ordine verr\u00e0 segnalata alla pagina &#8216;ORDINE CONTROLLATO IN SEDE&#8217;, mediante una comunicazione o attraverso la riduzione o la cancellazione delle quantit\u00e0 dei prodotti.<\/p>\n<p>&nbsp;<\/p>\n<p>4) <strong>Modalit\u00e0 di pagamento<\/strong>.<\/p>\n<p style=\"text-align: justify\">4.1) Bonifico bancario: da inviarsi solo dopo nostra e-mail di conferma d&#8217;ordine.<\/p>\n<p style=\"text-align: justify\">4.2) Carta di credito: la procedura d&#8217;acquisto con carta di credito avviene in due fasi. La prima fase \u00e8 quella in cui, inserendo i dati della carta di credito sul sito della nostra Banca, (e quindi al di fuori del nostro sito), si rende disponibile l&#8217;importo relativo all&#8217;acquisto; la seconda \u00e8 la transazione vera e propria, ovvero il momento in cui i soldi vengono addebitati sulla carta, tale fase \u00e8 normalmente contestuale alla spedizione e avviene prima solo se le garanzie di sicurezza riservate dai circuiti interbancari lo impongono, l&#8217;importo addebitabile potr\u00e0 essere uguale o minore (spedizione parziale) all&#8217;importo prenotato, ma mai superiore.<br \/>Per tutelare i titolari di carte di credito da utilizzi fraudolenti, Giracing si riserva la facolt\u00e0 di richiedere l&#8217;invio di qualsiasi documento attestante la titolarit\u00e0 della carta.<br \/>I titolari di carta di credito che richiedono la spedizione degli acquisti in un luogo diverso dal luogo di residenza dovranno tassativamente inviare via e-mail <span style=\"color: #000000\"><a href=\"mailto:sales@carpimoto.com\" style=\"color: #000000\">i<\/a><\/span>nfo@giracing.it\u00a0una copia leggibile fronte retro della carta di credito e di un documento di identit\u00e0.<\/p>\n<p style=\"text-align: justify\">4.3) PayPal: effettuando il pagamento a info@giracing.it. Si verr\u00e0 reindirizzati direttamente alla pagina di pagamento una volta completato l&#8217;ordine.\u00a0<\/p>\n<p style=\"text-align: justify\">La carta di credito o Paypal \u00e8 l&#8217;unico metodo di pagamento possibile per gli acquisti il cui valore complessivo dei beni \u00e8 inferiore a \u20ac 50,00 iva inclusa.<\/p>\n<p style=\"text-align: justify\">A discrezione di Giracing o nel caso in cui l&#8217;importo dell&#8217;ordine \u00e8 superiore a \u20ac 999,00 (comprensivo di IVA) o per articoli prodotti su misura o su indicazione specifica del cliente, Giracing si riserva la facolt\u00e0 di richiedere il pagamento anticipato della fornitura richiesta, da pagarsi anticipatamente ed esclusivamente tramite bonifico bancario.<\/p>\n<p>&nbsp;<\/p>\n<p>5) <strong>Modalit\u00e0 di consegna<\/strong>.\u00a0<\/p>\n<p style=\"text-align: justify\">5.1) Giracing accetta ordini con consegna in tutto il mondo avvalendosi di corrieri espressi selezionati in base alla destinazione.<\/p>\n<p style=\"text-align: justify\">5.2) Solo ove richiesto Giracing emette fattura del materiale spedito, allegandola all&#8217;imballo dell&#8217;ordine, ai sensi dell&#8217;art 14 D.P.R. 445\/2000 e DL 52\/2004. Per l&#8217;emissione della fattura, fanno fede le informazioni fornite dal Cliente all&#8217;atto dell&#8217;ordine. Nessuna variazione in fattura sar\u00e0 possibile, dopo l&#8217;emissione della stessa. Non \u00e8 possibile ottenere fatture separate per singoli prodotti appartenenti ad uno stesso ordine.<\/p>\n<p style=\"text-align: justify\">5.3) Le spese di consegna sono a carico del Cliente ed evidenziate esplicitamente al momento dell&#8217;effettuazione dell&#8217;ordine. Il pagamento della merce da parte del Cliente avverr\u00e0 utilizzando la modalit\u00e0 scelta all&#8217;atto dell&#8217;ordine. Nulla \u00e8 dovuto in pi\u00f9 dal Cliente rispetto al totale dell&#8217;ordine se non diversamente pattuito e confermato da parte del Cliente (es aggiunta prodotti all&#8217;ordine).<\/p>\n<p style=\"text-align: justify\">5.4) Nessuna responsabilit\u00e0 pu\u00f2 essere imputata a Giracing in caso di ritardo nell&#8217;evasione dell&#8217;ordine o nella consegna di quanto ordinato.<\/p>\n<p style=\"text-align: justify\">5.5) Salvo esplicita indicazione da parte del nostro Servizio Clienti, la consegna si intende a piano strada. Al momento della consegna della merce da parte del corriere, il Cliente \u00e8 tenuto a controllare:<\/p>\n<ul>\n<li style=\"text-align: justify\">Il numero dei colli in consegna corrispondano a quello indicato nel documento di accompagnamento;<\/li>\n<li style=\"text-align: justify\">L&#8217;identit\u00e0 e la qualit\u00e0 dei prodotti, eventualmente indicati sugli imballaggi, corrispondano a quella indicata nella fattura;<\/li>\n<li style=\"text-align: justify\">La fattura, o il foglio dell&#8217;ordine contenuta nell&#8217;apposita busta applicata all&#8217;esterno di uno dei colli (va staccata e conservata);<\/li>\n<li style=\"text-align: justify\">La mancata corrispondenza del numero dei colli o delle indicazioni, cos\u00ec come la perdita o eventuali danni, devono essere immediatamente contestati al vettore, la merce se ritirata deve essere ritirata &#8220;con riserva&#8221; scritta; Una volta firmato il documento del corriere, il Cliente non potr\u00e0 opporre alcuna contestazione circa le caratteristiche esteriori di quanto consegnato.<\/li>\n<\/ul>\n<p>6)\u00a0<strong>Annullamento, Recesso e Rimborsi<\/strong><\/p>\n<p style=\"text-align: justify\">6.1) Il cliente potr\u00e0 annullare l&#8217;ordine fino a che lo stesso non sar\u00e0 stato spedito, dopodich\u00e9 potr\u00e0, dopo aver ricevuto ed eventualmente pagato (pagamento alla consegna), recedere secondo le modalit\u00e0 previste dalla legge.<\/p>\n<p style=\"text-align: justify\">6.2) Tutti gli acquisti a distanza inoltrati tramite telefono o corrispondenza, poich\u00e9 avvengono al di fuori da locali commerciali, sono soggetti al D.Lgs n. 185 del 22\/05\/1999 che prevede la possibilit\u00e0 da parte dell&#8217;acquirente di esercitare il diritto di recesso. Il diritto di recesso si applica ai consumatori finali persone fisiche che agiscono per scopi che possono considerarsi estranei alla propria attivit\u00e0 commerciale (chi acquista per scopi non professionali, ovvero senza partita IVA). Non si applica ai consumatori professionali (chi acquista per scopi professionali, ovvero con partita IVA).<\/p>\n<p style=\"text-align: justify\">6.3) Il diritto di recesso si applica a tutti i prodotti non utilizzati, non danneggiati, rovinati o sporchi e confezionati come in originale, <strong>ovvero in perfetto stato di rivendita.<\/strong>\u00a0Non si applica nel caso di fornitura di beni confezionati su misura o chiaramente personalizzati o che, per loro natura, non possono essere rispediti o rischiano di deteriorarsi o alterarsi rapidamente.\u00a0<\/p>\n<p style=\"text-align: justify\">6.4) La volont\u00e0 di recedere, secondo la legge, deve essere comunicata tramite mail a <strong>info@giracing.it<\/strong> entro 14(quattordici) giorni dall&#8217;acquisto. Le spese di spedizione sono a carico del cliente. Una volta essersi assicurati che i prodotti rispettino le condizioni di reso &#8211; in accordo con Giracing-, il pacco andr\u00e0 spedito a carico del cliente nelle modalit\u00e0 da esso preferite a:\u00a0<\/p>\n<p style=\"text-align: justify\">AGGIUSTAGGIO VEROLESE SRL\u00a0<\/p>\n<p style=\"text-align: justify\">Via Circonvallazione 37\/F, 25028, Verolanuova (BS), Italia<\/p>\n<p style=\"text-align: justify\">\n<p style=\"text-align: justify\">6.5) Spedizioni di rientro sprovviste di copia della comunicazione dell\u2019intenzione di avvalersi del diritto di recesso non saranno accettate dal Magazzino di Giracing.<br \/>Non saranno accettate spedizioni in contrassegno o comunque con spese a nostro carico.<br \/>Spettano al consumatore le spese dirette di restituzione del bene al mittente. Qualora il consumatore richieda che Giracing si occupi della spedizione di rientro, Giracing ha la facolt\u00e0 di accettare o rifiutare tale incarico. Qualora Giracing accetti tale incarico, non potr\u00e0 essere ritenuto responsabile dei rischi derivanti la spedizione (salvo il caso in cui consumatore richieda una copertura assicurativa opzionale a pagamento). Il Costo della spedizione di rientro anche nel caso in cui \u00e8 gestita da Giracing \u00e8 a carico del consumatore, ed \u00e8 indicativamente pari al doppio del costo della spedizione originale &#8211; una quotazione pi\u00f9 precisa sar\u00e0 inviata da Giracing laddove venga richiesta.<\/p>\n<p style=\"text-align: justify\">6.6) Giracing, se la procedura sopra indicata viene eseguita correttamente, provveder\u00e0 nel pi\u00f9 breve tempo possibile (massimo 30(trenta) giorni lavorativi dal ricevimento della merce) ad effettuare l&#8217;accredito al Cliente dell&#8217;importo pagato in fattura, escluso le spese di spedizione (art. 5, comma 6, D.Lgs n. 185 del 22\/05\/1999), nel caso di spedizioni rientranti da Stati esteri non appartenenti alla UE, gli eventuali dazi doganali dovuti per il rientro saranno da ritenersi a carico del consumatore. I rimborsi degli ordini la cui modalit\u00e0 di pagamento scelta \u00e8 bonifico bancario sono effettuati unicamente tramite bonifico bancario, i rimborsi degli ordini la cui modalit\u00e0 di pagamento scelta \u00e8 carta di credito o PayPal sono effettuati unicamente stornando il pagamento sulla carta o dal conto PayPal. Invitiamo i Clienti a non utilizzare carte di credito in scadenza.\u00a0<\/p>\n<p style=\"text-align: justify\">In alternativa \u00e8 possibile emettere un voucher di reso di pari importo della merce resa, escluse le spese di spedizione, il quale:\u00a0<\/p>\n<p style=\"text-align: justify\">&#8211; viene emesso da Giracing, marchio di propriet\u00e0 Aggiustaggio Verolese S.R.L.;<\/p>\n<p style=\"text-align: justify\">&#8211; non sar\u00e0 rimborsabile e non potr\u00e0 essere scambiato con contanti;\u00a0<\/p>\n<p style=\"text-align: justify\">&#8211; potr\u00e0 essere riscosso solo sul sito www.giracing.it;\u00a0<\/p>\n<p style=\"text-align: justify\">&#8211; avr\u00e0 scadenza di 6 (sei) mesi, che significa che potr\u00e0 essere speso sul sito entro 6 (sei) mesi dalla data di emissione del buono stesso;\u00a0<\/p>\n<p style=\"text-align: justify\">&#8211; sar\u00e0 caratterizzato da un codice univoco, generato automaticamente dal sistema in sede di emissione del voucher. Esso potr\u00e0 essere utilizzato una sola volta da una sola persona, in un&#8217;unica soluzione; non sar\u00e0 cumulabile con altri sconti.\u00a0<\/p>\n<p style=\"text-align: justify\">\n<p style=\"text-align: justify\">6.7) Nelle operazioni a premio (le cd. promozioni), in cui l&#8217;acquisto di un bene \u00e8 abbinato ad un altro bene che viene venduto ad un prezzo irrisorio o regalato, il diritto di recesso potr\u00e0 essere legittimamente esercitato con la restituzione di entrambi i beni oggetto dell&#8217;acquisto, stante il vincolo dell&#8217;accessoriet\u00e0 del bene in promozione rispetto al primo. Nel caso di promozioni che includano due o pi\u00f9 beni e per le quali la promozione e quindi il prezzo particolare o lo sconto particolare applicato esistono in ragione di un acquisto combinato, il diritto di recesso si esercita su tutti i beni oggetto della promozione.<\/p>\n<p>&nbsp;<\/p>\n<p>7)\u00a0<strong>Privacy.<\/strong><\/p>\n<p>Vedi sezione dedicata\u00a0<a href=\"http:\/\/www.carpimoto.it\/IT\/GeneralInfo.aspx?idContent=11\">qui<\/a><\/p>\n<p>&nbsp;<\/p>\n<p>8)\u00a0<strong>Garanzia.<\/strong><\/p>\n<p style=\"text-align: justify\">8.1) Tutti i prodotti venduti da Giracing sono coperti dalla garanzia convenzionale del produttore e dalla garanzia di 24 mesi per i difetti di conformit\u00e0, ai sensi del DL 24\/02. Per fruire dell&#8217;assistenza in garanzia, il Cliente dovr\u00e0 conservare la fattura.<\/p>\n<p style=\"text-align: justify\">8.2) La garanzia convenzionale del produttore viene fornita secondo le modalit\u00e0 illustrate sul sito o nella documentazione presente all&#8217;interno della confezione del prodotto.<\/p>\n<p style=\"text-align: justify\">8.3) La garanzia di 24 mesi ai sensi del DL 24\/02 si applica al prodotto che presenti un difetto di conformit\u00e0, purch\u00e9 il prodotto stesso sia utilizzato correttamente, nel rispetto della sua destinazione d&#8217;uso e di quanto previsto nella documentazione tecnica allegata. Tale garanzia \u00e8 riservata al Consumatore privato (persona fisica che acquista la merce per scopi non riferibili alla propria attivit\u00e0 professionale, ovvero effettua l&#8217;acquisto senza indicare nel modulo d&#8217;ordine un riferimento di Partita IVA). In caso di difetto di conformit\u00e0, Giracing provvede, senza spese per il Cliente, al ripristino della conformit\u00e0 del prodotto mediante riparazione\/sostituzione o alla riduzione del prezzo, fino alla risoluzione del contratto.<\/p>\n<p style=\"text-align: justify\">8.4) Le sostituzioni in caso di DOA (Dead On Arrival: prodotto non funzionante alla consegna) avvengono solo se espressamente previste dal produttore. I tempi di sostituzione o eventuale riparazione del prodotto dipendono esclusivamente dalle politiche del produttore.<\/p>\n<p style=\"text-align: justify\">8.5) Nel caso in cui, per qualsiasi ragione, non fosse in grado di rendere al proprio cliente un prodotto in garanzia (ripristinato o sostituito), Giracing potr\u00e0 procedere a propria discrezione alla restituzione dell&#8217;intero importo pagato oppure alla sua sostituzione con un prodotto di caratteristiche pari o superiori.<\/p>\n<p style=\"text-align: justify\">8.6) Nessun danno pu\u00f2 essere richiesto a Giracing per eventuali ritardi nell&#8217;effettuazione di riparazioni o sostituzioni.<\/p>\n<p style=\"text-align: justify\">8.7) Nei casi in cui l&#8217;applicazione delle garanzie preveda la restituzione del prodotto, occorre contattare telefonicamente Giracing, un operatore fornir\u00e0 tutte le indicazioni necessarie. Al momento della chiamata, occorre avere a disposizione il documento fiscale di acquisto (fattura) o numero ordine rilasciato da Giracing. Giracing si riserva di non fornire garanzia al prodotto o al motociclo in mancanza del relativo documento fiscale di acquisto o del certificato di garanzia. L&#8217;operatore fornir\u00e0 un numero di RMA (Ritorno Merce Autorizzato) da apporre all&#8217;esterno della confezione utilizzata per il reso. Spedizioni prive del numero di RMA sul collo non saranno accettate dal Magazzino di Giracing. Il bene dovr\u00e0 essere restituito dal Cliente nella confezione originale, completa in tutte le sue parti (compresi imballo ed eventuale documentazione e dotazione accessoria: manuali, cavi, ecc&#8230;); per limitare danneggiamenti alla confezione originale, raccomandiamo, di inserirla in una seconda scatola o nell&#8217;imballo usato per la spedizione d&#8217;andata; va evitata in tutti i casi l&#8217;apposizione di etichette o nastri adesivi direttamente sulla confezione originale del prodotto.<\/p>\n<p style=\"text-align: justify\">8.8) Qualsiasi intervento effettuato da personale non autorizzato da Giracing far\u00e0 decadere immediatamente la garanzia.<\/p>\n<p style=\"text-align: justify\">8.9) Un intervento in garanzia lascia del tutto invariata la durata del periodo di garanzia del prodotto.<\/p>\n<p style=\"text-align: justify\">8.10) La garanzia non sar\u00e0 valida nel casi in cui il guasto del prodotto sia causato da utilizzo improprio, errata installazione, interventi di assistenza, manutenzione o riparazione effettuata da Tecnici non autorizzati da Giracing .<\/p>\n<p>&nbsp;<\/p>\n<p>9) <strong>Omologazione.<\/strong><\/p>\n<p style=\"text-align: justify\">9.1) Ad eccezione dei prodotti definiti nella descrizione con i termini &#8220;omologato&#8221; e\/o &#8220;street legal&#8221;, i prodotti venduti da Giracing non sono omologati per l&#8217;utilizzo su strada aperta al pubblico, si intendono unicamente destinati all&#8217;utilizzo in manifestazioni sportive in pista o in circuito chiuso nonch\u00e9 fiere o mostre. L&#8217;omologazione si intende limitata ai paesi appartenenti alla Unione Europea.<\/p>\n<p>&nbsp;<\/p>\n<p>10)\u00a0<strong>LIMITAZIONE DI RESPONSABILITA&#8217; &#8211; DISCLAIMER<\/strong><\/p>\n<p style=\"text-align: justify\">10.1) INFORMAZIONI PRESENTI SU QUESTO SITO: Cerchiamo di mantenere aggiornato il pi\u00f9 possibile questo sito. Ma per la stessa natura dei prodotti e per il continuo impegno da parte dei produttori a raggiungere standard di qualit\u00e0 sempre pi\u00f9 elevati, non possiamo garantire che le informazioni e le immagini siano quelle che descrivono realmente ed al meglio i prodotti.<br \/>Sebbene prezzi, descrizioni, immagini, applicazioni, e comunque tutte le informazioni presenti su questo sito siano corrette, esse possono contenere errori, inesattezze, errori di pubblicazione, essere aggiornate ed aggiornabili in qualunque momento senza che per questo Giracing possa esserne tenuto responsabile.<\/p>\n<p style=\"text-align: justify\">10.2) Giracing non pu\u00f2 essere ritenuto responsabile verso qualsiasi persona per danni particolari, indiretti o conseguenti, ritardi, mancati guadagni, connessi con questo materiale. Le applicazioni di ogni prodotto sono suggerite dai singoli fabbricanti, non assicuriamo la corrispondenza con i ricambi originali. Guidare una moto pu\u00f2 essere fonte di pericolo per s\u00e9 e per gli altri, Giracing non potr\u00e0 mai essere ritenuto responsabile per danni diretti od indiretti, incidenti, lesioni, ferite, decessi o quant&#8217;altro occorso utilizzando i prodotti commercializzati su questo sito.<br \/>Utilizzare i prodotti non destinati ad utilizzo su strada pu\u00f2 essere considerato un reato, passibile di multa arresto o comunque perseguibile dalle leggi dello stato nel quale viene utilizzato; Giracing disapprova l&#8217;utilizzo dei prodotti non destinati ad utilizzo su strada al di fuori di manifestazioni sportive, piste, circuiti chiusi nonch\u00e9 fiere o mostre.\u00a0<\/p>\n<p style=\"text-align: justify\">\u00a0Legge applicabile<\/p>\n<p style=\"text-align: justify\">10.3) Il contratto di vendita tra il Cliente e Giracing s&#8217;intende concluso in Italia e regolato dalla Legge Italiana. Per la soluzione di controversie civili e penali derivanti dalla conclusione del presente contratto di vendita a distanza, se il Cliente \u00e8 un consumatore, la competenza territoriale \u00e8 quella del foro di riferimento del suo comune di residenza; in tutti gli altri casi, la competenza territoriale \u00e8 esclusivamente quella del Foro di Brescia.<\/p>\n<\/div>\n<p>[\/et_pb_text][\/et_pb_column][\/et_pb_row][\/et_pb_section]<\/p>\n","protected":false},"excerpt":{"rendered":"<p>CONDIZIONI DI VENDITA &nbsp; Le presenti Condizioni Generali hanno per oggetto l&#8217;acquisto di prodotti e di servizi, effettuato a distanza tramite rete internet sul sito\u00a0www.giracing.it , appartenenti ad Aggiustaggio Verolese SRL di Pizzamiglio Anna Maria, Via Circonvallazione 37\/F, 25028, Verolanuova (Brescia), Italy. Tel.\/Fax. +39-030-931480\u00a0 P.iva 01512430982 &nbsp; 1)\u00a0Accettazione delle condizioni generali di vendita. 1.1) Il [&hellip;]<\/p>\n","protected":false},"author":1,"featured_media":0,"parent":0,"menu_order":0,"comment_status":"closed","ping_status":"closed","template":"","meta":{"_et_pb_use_builder":"on","_et_pb_old_content":"","_et_gb_content_width":"","footnotes":""},"class_list":["post-237","page","type-page","status-publish","hentry"],"_links":{"self":[{"href":"https:\/\/www.giracing.it\/en\/wp-json\/wp\/v2\/pages\/237","targetHints":{"allow":["GET"]}}],"collection":[{"href":"https:\/\/www.giracing.it\/en\/wp-json\/wp\/v2\/pages"}],"about":[{"href":"https:\/\/www.giracing.it\/en\/wp-json\/wp\/v2\/types\/page"}],"author":[{"embeddable":true,"href":"https:\/\/www.giracing.it\/en\/wp-json\/wp\/v2\/users\/1"}],"replies":[{"embeddable":true,"href":"https:\/\/www.giracing.it\/en\/wp-json\/wp\/v2\/comments?post=237"}],"version-history":[{"count":7,"href":"https:\/\/www.giracing.it\/en\/wp-json\/wp\/v2\/pages\/237\/revisions"}],"predecessor-version":[{"id":1992,"href":"https:\/\/www.giracing.it\/en\/wp-json\/wp\/v2\/pages\/237\/revisions\/1992"}],"wp:attachment":[{"href":"https:\/\/www.giracing.it\/en\/wp-json\/wp\/v2\/media?parent=237"}],"curies":[{"name":"wp","href":"https:\/\/api.w.org\/{rel}","templated":true}]}}